{"id":205,"date":"2021-04-21T22:20:06","date_gmt":"2021-04-22T01:20:06","guid":{"rendered":"http:\/\/www.escuelaisrael927.cl\/wordpress\/?page_id=205"},"modified":"2021-04-21T22:20:07","modified_gmt":"2021-04-22T01:20:07","slug":"nuestra-historia","status":"publish","type":"page","link":"https:\/\/www.escuelaisrael927.cl\/wordpress\/index.php\/nuestra-historia\/","title":{"rendered":"Nuestra Historia"},"content":{"rendered":"\n<p>La primera Escuela de Los \u00c1ngeles, con nombre &#8220;Escuela N\u00ba 1 de Hombres&#8221;, fue fundada<br>en los a\u00f1os 1824-1825, aproximadamente, dado que registros oficiales no existen en el<br>Ministerio de Educaci\u00f3n ni en Bibliotecas y Archivos Nacionales de Santiago de Chile, solo<br>existe en archivos en la escuela, de algunos registros de clases y actas que acredita su<br>existencia, estableci\u00e9ndose en Los \u00c1ngeles en la fecha que se menciona anteriormente. Esta<br>se encontraba ubicada en calle Lautaro (frente a la PLAZA DE ARMAS de la ciudad, donde<br>se ubica el actual internado del Liceo De Hombres), tambi\u00e9n tuvo otras ubicaciones, en<br>Valdivia, Col\u00f3n y Lientur.<br><\/p>\n\n\n\n<p><\/p>\n\n\n\n<p>En el a\u00f1o 1869, y a partir de esta escuela naci\u00f3 el Liceo A-59 Los \u00c1ngeles, debido a la<br>inquietud de padres y profesores, porque los ni\u00f1os al llegar a 6\u00ba preparatoria no ten\u00edan<br>donde continuar estudios y deb\u00edan permanecer en el \u00faltimo curso para no quedarse en la<br>casa llegando, en muchos casos, hasta los dieciocho y veinte a\u00f1os en esta escuela. Doce<br>padres de estos alumnos se unieron y llegaron ante las autoridades de la \u00e9poca y lograron<br>su fin, cre\u00e1ndose el Liceo de Hombres de Los \u00c1ngeles.<br>Su primera ubicaci\u00f3n, como escuela, sirviendo a la ciudadan\u00eda de Los \u00c1ngeles la<br>encontramos en la calle Lautaro, frente a la Plaza de Armas.<br>En 1941 hasta el a\u00f1o 1942 se situ\u00f3 en calle Col\u00f3n N\u00ba 1071 con la direcci\u00f3n del director: Don<br>Abelardo Fuentes R.<br>En 1943 se situ\u00f3 en la calle Valdivia N\u00ba 724, llamada en ese entonces &#8220;Escuela Superior de<br>Hombres N\u00ba 5&#8243; con la direcci\u00f3n del director: Pedro Juan D\u00edaz Jara.<br>Desde 1961, esta escuela fue edificada en su ubicaci\u00f3n actual y por ella han pasado muchos<br>directores y directoras, por nombrar algunos, Lu\u00eds Soto Mayor, Gloria Reyes Torres, Mireya<br>Contreras de la Vega periodo en el cual se realizaron las gestiones para reposici\u00f3n de la<br>escuela, lo que se cristalizo durante su periodo.<br>LA ESCUELA &#8220;DENOM\u00cdNASE REP\u00daBLICA DE ISRAEL N\u00ba 5 BAJO EL DECRETO N\u00ba 6298 EL 21 DE<br>JUNIO DE 1969, DEL DEPARTAMENTO DE LA LAJA, PROVINCIA DE B\u00cdO-B\u00cdO&#8221; que se ubicaba,<br>actualmente en la poblaci\u00f3n Galvarino Calle Espa\u00f1a 200 de Los \u00c1ngeles.<br>Se reclasifica como escuela E &#8211; 927 por Decreto Supremo N\u00ba 1059. El 22 de Septiembre de<br>1978 se reclasifica como escuela E &#8211; 927 por Decreto Supremo N\u00ba 1059 quedando<br>denominada como Escuela &#8220;REP\u00daBLICA DE ISRAEL E-927. Ubicada en calle Espa\u00f1a 200<br>poblaci\u00f3n Galvarino.<br>En Julio del a\u00f1o 2007 siendo su Directora Sra. Jeannette Fuentes Urra se da inicio a una<br>nueva era, con una infraestructura moderna e inaugurada por la primera autoridad nacional<br>La presidenta de la Rep\u00fablica Michelle Bachelet Jeria, dando inicio a la Jornada Escolar<br>Completa (JEC) de 3\u00b0 a 8\u00b0 a\u00f1o y permitiendo interactuar el 1\u00ba y 2\u00ba a\u00f1o con su jornada \u00fanica<br>dar comienzo con talleres de iniciaci\u00f3n y correlaci\u00f3n a la JEC en beneficio de sus alumnos(as)<br>y comunidad Escolar. Tambi\u00e9n atiende a ni\u00f1os y ni\u00f1as que est\u00e1n en el nivel Parvulario:<br>K\u00ednder y Pre k\u00ednder.<br>La Escuela Rep\u00fablica de Israel E-927 cuenta con su Proyecto Educativo Institucional,<br>Proyecto Pedag\u00f3gico con Sellos del Ser como Persona \u00fanica en su desarrollo en la<\/p>\n\n\n\n<p>comunicaci\u00f3n y expresi\u00f3n art\u00edstica deportiva, adem\u00e1s con un \u00e9nfasis en: Reglamento de<br>Convivencia y de Seguridad aprobado por Departamento Provincial de Educaci\u00f3n DEPROE,<br>Talleres no lectivos con el objetivo del buen uso del tiempo libre y estilos de vida saludable.<\/p>\n\n\n\n<div class=\"wp-block-cover has-background-dim is-layout-flow wp-block-cover-is-layout-flow\" style=\"min-height:415px;aspect-ratio:unset;\"><img fetchpriority=\"high\" decoding=\"async\" width=\"960\" height=\"672\" class=\"wp-block-cover__image-background wp-image-207\" alt=\"\" src=\"http:\/\/www.escuelaisrael927.cl\/wordpress\/wp-content\/uploads\/2021\/04\/ESCUELA2.jpg\" data-object-fit=\"cover\" srcset=\"https:\/\/www.escuelaisrael927.cl\/wordpress\/wp-content\/uploads\/2021\/04\/ESCUELA2.jpg 960w, https:\/\/www.escuelaisrael927.cl\/wordpress\/wp-content\/uploads\/2021\/04\/ESCUELA2-300x210.jpg 300w, https:\/\/www.escuelaisrael927.cl\/wordpress\/wp-content\/uploads\/2021\/04\/ESCUELA2-768x538.jpg 768w, https:\/\/www.escuelaisrael927.cl\/wordpress\/wp-content\/uploads\/2021\/04\/ESCUELA2-400x280.jpg 400w\" sizes=\"(max-width: 960px) 100vw, 960px\" \/><div class=\"wp-block-cover__inner-container\"><\/div><\/div>\n\n\n\n<p><strong>Primera Construcci\u00f3n Escuela 5 Ubicada en calle Espa\u00f1a 200<\/strong><\/p>\n","protected":false},"excerpt":{"rendered":"<p>La primera Escuela de Los \u00c1ngeles, con nombre &#8220;Escuela N\u00ba 1 de Hombres&#8221;, fue fundadaen los a\u00f1os 1824-1825, aproximadamente, dado que registros oficiales no existen en elMinisterio de Educaci\u00f3n ni en Bibliotecas y Archivos Nacionales de Santiago de Chile, soloexiste en archivos en la escuela, de algunos registros de clases y actas que acredita suexistencia, [&hellip;]<\/p>\n","protected":false},"author":1,"featured_media":0,"parent":0,"menu_order":0,"comment_status":"closed","ping_status":"closed","template":"","meta":{"footnotes":""},"class_list":["post-205","page","type-page","status-publish","hentry"],"yoast_head":"<!-- This site is optimized with the Yoast SEO plugin v22.8 - https:\/\/yoast.com\/wordpress\/plugins\/seo\/ -->\n<title>Nuestra Historia - ESCUELA REP\u00daBLICA DE ISRAEL E-927<\/title>\n<meta name=\"robots\" content=\"index, follow, max-snippet:-1, max-image-preview:large, max-video-preview:-1\" \/>\n<link rel=\"canonical\" href=\"https:\/\/www.escuelaisrael927.cl\/wordpress\/index.php\/nuestra-historia\/\" \/>\n<meta property=\"og:locale\" content=\"es_ES\" \/>\n<meta property=\"og:type\" content=\"article\" \/>\n<meta property=\"og:title\" content=\"Nuestra Historia - ESCUELA REP\u00daBLICA DE ISRAEL E-927\" \/>\n<meta property=\"og:description\" content=\"La primera Escuela de Los \u00c1ngeles, con nombre &#8220;Escuela N\u00ba 1 de Hombres&#8221;, fue fundadaen los a\u00f1os 1824-1825, aproximadamente, dado que registros oficiales no existen en elMinisterio de Educaci\u00f3n ni en Bibliotecas y Archivos Nacionales de Santiago de Chile, soloexiste en archivos en la escuela, de algunos registros de clases y actas que acredita suexistencia, [&hellip;]\" \/>\n<meta property=\"og:url\" content=\"https:\/\/www.escuelaisrael927.cl\/wordpress\/index.php\/nuestra-historia\/\" \/>\n<meta property=\"og:site_name\" content=\"ESCUELA REP\u00daBLICA DE ISRAEL E-927\" \/>\n<meta property=\"article:publisher\" content=\"https:\/\/www.facebook.com\/Escuela-Rep%c3%bablica-de-Israel-Los-%c3%81ngeles-1828716017412048\" \/>\n<meta property=\"article:modified_time\" content=\"2021-04-22T01:20:07+00:00\" \/>\n<meta property=\"og:image\" content=\"http:\/\/www.escuelaisrael927.cl\/wordpress\/wp-content\/uploads\/2021\/04\/ESCUELA2.jpg\" \/>\n<meta name=\"twitter:card\" content=\"summary_large_image\" \/>\n<meta name=\"twitter:label1\" content=\"Tiempo de lectura\" \/>\n\t<meta name=\"twitter:data1\" content=\"3 minutos\" \/>\n<script type=\"application\/ld+json\" class=\"yoast-schema-graph\">{\"@context\":\"https:\/\/schema.org\",\"@graph\":[{\"@type\":\"WebPage\",\"@id\":\"https:\/\/www.escuelaisrael927.cl\/wordpress\/index.php\/nuestra-historia\/\",\"url\":\"https:\/\/www.escuelaisrael927.cl\/wordpress\/index.php\/nuestra-historia\/\",\"name\":\"Nuestra Historia - ESCUELA REP\u00daBLICA DE ISRAEL E-927\",\"isPartOf\":{\"@id\":\"https:\/\/www.escuelaisrael927.cl\/wordpress\/#website\"},\"primaryImageOfPage\":{\"@id\":\"https:\/\/www.escuelaisrael927.cl\/wordpress\/index.php\/nuestra-historia\/#primaryimage\"},\"image\":{\"@id\":\"https:\/\/www.escuelaisrael927.cl\/wordpress\/index.php\/nuestra-historia\/#primaryimage\"},\"thumbnailUrl\":\"http:\/\/www.escuelaisrael927.cl\/wordpress\/wp-content\/uploads\/2021\/04\/ESCUELA2.jpg\",\"datePublished\":\"2021-04-22T01:20:06+00:00\",\"dateModified\":\"2021-04-22T01:20:07+00:00\",\"breadcrumb\":{\"@id\":\"https:\/\/www.escuelaisrael927.cl\/wordpress\/index.php\/nuestra-historia\/#breadcrumb\"},\"inLanguage\":\"es\",\"potentialAction\":[{\"@type\":\"ReadAction\",\"target\":[\"https:\/\/www.escuelaisrael927.cl\/wordpress\/index.php\/nuestra-historia\/\"]}]},{\"@type\":\"ImageObject\",\"inLanguage\":\"es\",\"@id\":\"https:\/\/www.escuelaisrael927.cl\/wordpress\/index.php\/nuestra-historia\/#primaryimage\",\"url\":\"https:\/\/www.escuelaisrael927.cl\/wordpress\/wp-content\/uploads\/2021\/04\/ESCUELA2.jpg\",\"contentUrl\":\"https:\/\/www.escuelaisrael927.cl\/wordpress\/wp-content\/uploads\/2021\/04\/ESCUELA2.jpg\",\"width\":960,\"height\":672},{\"@type\":\"BreadcrumbList\",\"@id\":\"https:\/\/www.escuelaisrael927.cl\/wordpress\/index.php\/nuestra-historia\/#breadcrumb\",\"itemListElement\":[{\"@type\":\"ListItem\",\"position\":1,\"name\":\"Portada\",\"item\":\"https:\/\/www.escuelaisrael927.cl\/wordpress\/\"},{\"@type\":\"ListItem\",\"position\":2,\"name\":\"Nuestra Historia\"}]},{\"@type\":\"WebSite\",\"@id\":\"https:\/\/www.escuelaisrael927.cl\/wordpress\/#website\",\"url\":\"https:\/\/www.escuelaisrael927.cl\/wordpress\/\",\"name\":\"ESCUELA REPUBLICA DE ISRAEL E-927\",\"description\":\"200 a\u00f1os Los \u00c1ngeles  \",\"publisher\":{\"@id\":\"https:\/\/www.escuelaisrael927.cl\/wordpress\/#organization\"},\"potentialAction\":[{\"@type\":\"SearchAction\",\"target\":{\"@type\":\"EntryPoint\",\"urlTemplate\":\"https:\/\/www.escuelaisrael927.cl\/wordpress\/?s={search_term_string}\"},\"query-input\":\"required name=search_term_string\"}],\"inLanguage\":\"es\"},{\"@type\":\"Organization\",\"@id\":\"https:\/\/www.escuelaisrael927.cl\/wordpress\/#organization\",\"name\":\"Escuela Republica de Israel\",\"url\":\"https:\/\/www.escuelaisrael927.cl\/wordpress\/\",\"logo\":{\"@type\":\"ImageObject\",\"inLanguage\":\"es\",\"@id\":\"https:\/\/www.escuelaisrael927.cl\/wordpress\/#\/schema\/logo\/image\/\",\"url\":\"https:\/\/www.escuelaisrael927.cl\/wordpress\/wp-content\/uploads\/2021\/04\/logo11.png\",\"contentUrl\":\"https:\/\/www.escuelaisrael927.cl\/wordpress\/wp-content\/uploads\/2021\/04\/logo11.png\",\"width\":512,\"height\":518,\"caption\":\"Escuela Republica de Israel\"},\"image\":{\"@id\":\"https:\/\/www.escuelaisrael927.cl\/wordpress\/#\/schema\/logo\/image\/\"},\"sameAs\":[\"https:\/\/www.facebook.com\/Escuela-Rep\u00fablica-de-Israel-Los-\u00c1ngeles-1828716017412048\"]}]}<\/script>\n<!-- \/ Yoast SEO plugin. -->","yoast_head_json":{"title":"Nuestra Historia - ESCUELA REP\u00daBLICA DE ISRAEL E-927","robots":{"index":"index","follow":"follow","max-snippet":"max-snippet:-1","max-image-preview":"max-image-preview:large","max-video-preview":"max-video-preview:-1"},"canonical":"https:\/\/www.escuelaisrael927.cl\/wordpress\/index.php\/nuestra-historia\/","og_locale":"es_ES","og_type":"article","og_title":"Nuestra Historia - ESCUELA REP\u00daBLICA DE ISRAEL E-927","og_description":"La primera Escuela de Los \u00c1ngeles, con nombre &#8220;Escuela N\u00ba 1 de Hombres&#8221;, fue fundadaen los a\u00f1os 1824-1825, aproximadamente, dado que registros oficiales no existen en elMinisterio de Educaci\u00f3n ni en Bibliotecas y Archivos Nacionales de Santiago de Chile, soloexiste en archivos en la escuela, de algunos registros de clases y actas que acredita suexistencia, [&hellip;]","og_url":"https:\/\/www.escuelaisrael927.cl\/wordpress\/index.php\/nuestra-historia\/","og_site_name":"ESCUELA REP\u00daBLICA DE ISRAEL E-927","article_publisher":"https:\/\/www.facebook.com\/Escuela-Rep%c3%bablica-de-Israel-Los-%c3%81ngeles-1828716017412048","article_modified_time":"2021-04-22T01:20:07+00:00","og_image":[{"url":"http:\/\/www.escuelaisrael927.cl\/wordpress\/wp-content\/uploads\/2021\/04\/ESCUELA2.jpg"}],"twitter_card":"summary_large_image","twitter_misc":{"Tiempo de lectura":"3 minutos"},"schema":{"@context":"https:\/\/schema.org","@graph":[{"@type":"WebPage","@id":"https:\/\/www.escuelaisrael927.cl\/wordpress\/index.php\/nuestra-historia\/","url":"https:\/\/www.escuelaisrael927.cl\/wordpress\/index.php\/nuestra-historia\/","name":"Nuestra Historia - ESCUELA REP\u00daBLICA DE ISRAEL E-927","isPartOf":{"@id":"https:\/\/www.escuelaisrael927.cl\/wordpress\/#website"},"primaryImageOfPage":{"@id":"https:\/\/www.escuelaisrael927.cl\/wordpress\/index.php\/nuestra-historia\/#primaryimage"},"image":{"@id":"https:\/\/www.escuelaisrael927.cl\/wordpress\/index.php\/nuestra-historia\/#primaryimage"},"thumbnailUrl":"http:\/\/www.escuelaisrael927.cl\/wordpress\/wp-content\/uploads\/2021\/04\/ESCUELA2.jpg","datePublished":"2021-04-22T01:20:06+00:00","dateModified":"2021-04-22T01:20:07+00:00","breadcrumb":{"@id":"https:\/\/www.escuelaisrael927.cl\/wordpress\/index.php\/nuestra-historia\/#breadcrumb"},"inLanguage":"es","potentialAction":[{"@type":"ReadAction","target":["https:\/\/www.escuelaisrael927.cl\/wordpress\/index.php\/nuestra-historia\/"]}]},{"@type":"ImageObject","inLanguage":"es","@id":"https:\/\/www.escuelaisrael927.cl\/wordpress\/index.php\/nuestra-historia\/#primaryimage","url":"https:\/\/www.escuelaisrael927.cl\/wordpress\/wp-content\/uploads\/2021\/04\/ESCUELA2.jpg","contentUrl":"https:\/\/www.escuelaisrael927.cl\/wordpress\/wp-content\/uploads\/2021\/04\/ESCUELA2.jpg","width":960,"height":672},{"@type":"BreadcrumbList","@id":"https:\/\/www.escuelaisrael927.cl\/wordpress\/index.php\/nuestra-historia\/#breadcrumb","itemListElement":[{"@type":"ListItem","position":1,"name":"Portada","item":"https:\/\/www.escuelaisrael927.cl\/wordpress\/"},{"@type":"ListItem","position":2,"name":"Nuestra Historia"}]},{"@type":"WebSite","@id":"https:\/\/www.escuelaisrael927.cl\/wordpress\/#website","url":"https:\/\/www.escuelaisrael927.cl\/wordpress\/","name":"ESCUELA REPUBLICA DE ISRAEL E-927","description":"200 a\u00f1os Los \u00c1ngeles  ","publisher":{"@id":"https:\/\/www.escuelaisrael927.cl\/wordpress\/#organization"},"potentialAction":[{"@type":"SearchAction","target":{"@type":"EntryPoint","urlTemplate":"https:\/\/www.escuelaisrael927.cl\/wordpress\/?s={search_term_string}"},"query-input":"required name=search_term_string"}],"inLanguage":"es"},{"@type":"Organization","@id":"https:\/\/www.escuelaisrael927.cl\/wordpress\/#organization","name":"Escuela Republica de Israel","url":"https:\/\/www.escuelaisrael927.cl\/wordpress\/","logo":{"@type":"ImageObject","inLanguage":"es","@id":"https:\/\/www.escuelaisrael927.cl\/wordpress\/#\/schema\/logo\/image\/","url":"https:\/\/www.escuelaisrael927.cl\/wordpress\/wp-content\/uploads\/2021\/04\/logo11.png","contentUrl":"https:\/\/www.escuelaisrael927.cl\/wordpress\/wp-content\/uploads\/2021\/04\/logo11.png","width":512,"height":518,"caption":"Escuela Republica de Israel"},"image":{"@id":"https:\/\/www.escuelaisrael927.cl\/wordpress\/#\/schema\/logo\/image\/"},"sameAs":["https:\/\/www.facebook.com\/Escuela-Rep\u00fablica-de-Israel-Los-\u00c1ngeles-1828716017412048"]}]}},"_links":{"self":[{"href":"https:\/\/www.escuelaisrael927.cl\/wordpress\/index.php\/wp-json\/wp\/v2\/pages\/205","targetHints":{"allow":["GET"]}}],"collection":[{"href":"https:\/\/www.escuelaisrael927.cl\/wordpress\/index.php\/wp-json\/wp\/v2\/pages"}],"about":[{"href":"https:\/\/www.escuelaisrael927.cl\/wordpress\/index.php\/wp-json\/wp\/v2\/types\/page"}],"author":[{"embeddable":true,"href":"https:\/\/www.escuelaisrael927.cl\/wordpress\/index.php\/wp-json\/wp\/v2\/users\/1"}],"replies":[{"embeddable":true,"href":"https:\/\/www.escuelaisrael927.cl\/wordpress\/index.php\/wp-json\/wp\/v2\/comments?post=205"}],"version-history":[{"count":1,"href":"https:\/\/www.escuelaisrael927.cl\/wordpress\/index.php\/wp-json\/wp\/v2\/pages\/205\/revisions"}],"predecessor-version":[{"id":208,"href":"https:\/\/www.escuelaisrael927.cl\/wordpress\/index.php\/wp-json\/wp\/v2\/pages\/205\/revisions\/208"}],"wp:attachment":[{"href":"https:\/\/www.escuelaisrael927.cl\/wordpress\/index.php\/wp-json\/wp\/v2\/media?parent=205"}],"curies":[{"name":"wp","href":"https:\/\/api.w.org\/{rel}","templated":true}]}}