{"id":168,"date":"2021-04-21T19:22:23","date_gmt":"2021-04-21T22:22:23","guid":{"rendered":"http:\/\/www.escuelaisrael927.cl\/wordpress\/?page_id=168"},"modified":"2021-04-21T22:04:34","modified_gmt":"2021-04-22T01:04:34","slug":"sin-titulo","status":"publish","type":"page","link":"https:\/\/www.escuelaisrael927.cl\/wordpress\/index.php\/sin-titulo\/","title":{"rendered":"Himno de Israel HaTikvah"},"content":{"rendered":"\n<p><strong>Kol od balevav pnima,<\/strong><\/p>\n\n\n\n<p><strong>Nefesh Iehudi omia.<\/strong><\/p>\n\n\n\n<p><strong>Ulfaatei mizraj kadima<\/strong><\/p>\n\n\n\n<p><strong>Ain letzion tzofia<\/strong><\/p>\n\n\n\n<p><strong>Od lo avda tikvatenu<\/strong><\/p>\n\n\n\n<p><strong>Hatikva bat shnot alpaim<\/strong><\/p>\n\n\n\n<p><strong>Lihiot am jofshi beartzeinu<\/strong><\/p>\n\n\n\n<p><strong>Eretz Tzion virushalaim<\/strong><\/p>\n\n\n\n<p><\/p>\n\n\n\n<h2 class=\"wp-block-heading\">Historia del Himno de Israel<\/h2>\n\n\n\n<p>El Himno Nacional de Israel fue escrito en un pueblo de Rumania el 22 &nbsp;de diciembre de 1878, poema escrito por&nbsp;Naftal\u00ed Herz Imber quien lo llam\u00f3 Hatikva (Esperanza), bajo la colisi\u00f3n de la fundaci\u00f3n Petaj Tikva en Eretz Israel (la tierra de Israel).<\/p>\n\n\n\n<p>Hatikva es un poema de nueve estrofas, editado en Jerusalem en 1886 y fue publicado por primera vez en un &nbsp;libro con el nombre de \u201cBarkai\u201d, que conten\u00eda varios trabajos de Imber cuya inspiraci\u00f3n est\u00e1 basada en el asentamiento de jud\u00edos en Eretz Israel y su amplio conocimiento en el idioma hebreo.<\/p>\n\n\n\n<p>Imber era un visitante y conocedor de las colonias jud\u00edas por sus famosos poemas, quien lo relataba en cada lugar, y es por eso que se considera que el Himno lo escribi\u00f3 en sus primeros recorridos. La historia asegura que fue cantado por primera vez en Eretz Israel y se le hizo varias modificaciones a la letras aprobadas por \u00e9l mismo.<\/p>\n\n\n\n<p>La composici\u00f3n de la melod\u00eda es una inspiraci\u00f3n seg\u00fan la historia en una armon\u00eda italiana del siglo XVII y la otra en una canci\u00f3n popular rumana, utilizada en el poema sinf\u00f3nico \u201cVltava\u201d (\u201cEl Moldava\u201d) concerniente a &nbsp;la obra de \u201cM\u00e1 vlast\u201d (\u201cMi Patria\u201d) del m\u00fasico checo Bed\u0159ich Smetana, lo cual Samuel Cohen la adapt\u00f3 y fue orquestada en 1897.<\/p>\n\n\n\n<p>Hatikva es un &nbsp;&nbsp;mensaje de esperanza de un Movimiento Sionista por la instauraci\u00f3n de un estado jud\u00edo y es cuando comienza a ser cantada cada vez que &nbsp;finaliza la actividad de ese movimiento, y se oficializa como Himno de esa delegaci\u00f3n en el Congreso Sionista 18\u00b0 de 1988, en la ciudad de Praga<\/p>\n\n\n\n<p>Los Brit\u00e1nicos durante su gobierno prohibieron el contenido del texto &nbsp;seg\u00fan sobrevivientes de la Sho\u00e1, quienes&nbsp;son los que remite al holocausto. Tambi\u00e9n hace referencia que se &nbsp;cant\u00f3 en los tiempos m\u00e1s desafortunados de la \u00e9poca moderna&nbsp;del Am Israel (Pueblo Jud\u00edo).<\/p>\n\n\n\n<p>En la declaraci\u00f3n de la Independencia del Estado de Israel tuvo como orador a David Ben Guri\u00f3n cuyo acto se realiz\u00f3 en el &nbsp;Museo de Tel Aviv, la letra de Hatikva fue armonizada por la orquesta filarm\u00f3nica y cantada por todos los presentes que conllevo a que dicha melod\u00eda naciera &nbsp;como el Himno Nacional.<\/p>\n\n\n\n<p>En el a\u00f1o 2004 el Parlamento israel\u00ed que lleva por nombre La Kneset postul\u00f3 a \u201cHatikva\u201d como el Himno Nacional del estado de Israel.<\/p>\n\n\n\n<h2 class=\"wp-block-heading\">Autores del Himno de Israel<\/h2>\n\n\n\n<p><strong>Letra<\/strong>:&nbsp;Naphtali Herz Imber, nacido el 27 de diciembre de 1856, Zolochov, Ucrania, poeta jud\u00edo hebreo que escribi\u00f3 \u201cHatikva\u201d, el Himno Nacional del estado de Israel, quien falleci\u00f3 en Nueva York, Estados Unidos el 8 de octubre de 1909.<\/p>\n\n\n\n<p><strong>M\u00fasica<\/strong>:&nbsp;Samuel Cohen, naci\u00f3 en 1870 en Ungheni, Moldavia fue el compositor de la melod\u00eda de&nbsp;\u201cHatikvah\u201d y falleci\u00f3 en Rishon Lezion, Israel en 1940.<\/p>\n","protected":false},"excerpt":{"rendered":"<p>Kol od balevav pnima, Nefesh Iehudi omia. Ulfaatei mizraj kadima Ain letzion tzofia Od lo avda tikvatenu Hatikva bat shnot alpaim Lihiot am jofshi beartzeinu Eretz Tzion virushalaim Historia del Himno de Israel El Himno Nacional de Israel fue escrito en un pueblo de Rumania el 22 &nbsp;de diciembre de 1878, poema escrito por&nbsp;Naftal\u00ed Herz [&hellip;]<\/p>\n","protected":false},"author":1,"featured_media":0,"parent":0,"menu_order":0,"comment_status":"closed","ping_status":"closed","template":"","meta":{"footnotes":""},"class_list":["post-168","page","type-page","status-publish","hentry"],"yoast_head":"<!-- This site is optimized with the Yoast SEO plugin v22.8 - https:\/\/yoast.com\/wordpress\/plugins\/seo\/ -->\n<title>Himno de Israel HaTikvah - ESCUELA REP\u00daBLICA DE ISRAEL E-927<\/title>\n<meta name=\"robots\" content=\"index, follow, max-snippet:-1, max-image-preview:large, max-video-preview:-1\" \/>\n<link rel=\"canonical\" href=\"https:\/\/www.escuelaisrael927.cl\/wordpress\/index.php\/sin-titulo\/\" \/>\n<meta property=\"og:locale\" content=\"es_ES\" \/>\n<meta property=\"og:type\" content=\"article\" \/>\n<meta property=\"og:title\" content=\"Himno de Israel HaTikvah - ESCUELA REP\u00daBLICA DE ISRAEL E-927\" \/>\n<meta property=\"og:description\" content=\"Kol od balevav pnima, Nefesh Iehudi omia. Ulfaatei mizraj kadima Ain letzion tzofia Od lo avda tikvatenu Hatikva bat shnot alpaim Lihiot am jofshi beartzeinu Eretz Tzion virushalaim Historia del Himno de Israel El Himno Nacional de Israel fue escrito en un pueblo de Rumania el 22 &nbsp;de diciembre de 1878, poema escrito por&nbsp;Naftal\u00ed Herz [&hellip;]\" \/>\n<meta property=\"og:url\" content=\"https:\/\/www.escuelaisrael927.cl\/wordpress\/index.php\/sin-titulo\/\" \/>\n<meta property=\"og:site_name\" content=\"ESCUELA REP\u00daBLICA DE ISRAEL E-927\" \/>\n<meta property=\"article:publisher\" content=\"https:\/\/www.facebook.com\/Escuela-Rep%c3%bablica-de-Israel-Los-%c3%81ngeles-1828716017412048\" \/>\n<meta property=\"article:modified_time\" content=\"2021-04-22T01:04:34+00:00\" \/>\n<meta name=\"twitter:card\" content=\"summary_large_image\" \/>\n<meta name=\"twitter:label1\" content=\"Tiempo de lectura\" \/>\n\t<meta name=\"twitter:data1\" content=\"3 minutos\" \/>\n<script type=\"application\/ld+json\" class=\"yoast-schema-graph\">{\"@context\":\"https:\/\/schema.org\",\"@graph\":[{\"@type\":\"WebPage\",\"@id\":\"https:\/\/www.escuelaisrael927.cl\/wordpress\/index.php\/sin-titulo\/\",\"url\":\"https:\/\/www.escuelaisrael927.cl\/wordpress\/index.php\/sin-titulo\/\",\"name\":\"Himno de Israel HaTikvah - ESCUELA REP\u00daBLICA DE ISRAEL E-927\",\"isPartOf\":{\"@id\":\"https:\/\/www.escuelaisrael927.cl\/wordpress\/#website\"},\"datePublished\":\"2021-04-21T22:22:23+00:00\",\"dateModified\":\"2021-04-22T01:04:34+00:00\",\"breadcrumb\":{\"@id\":\"https:\/\/www.escuelaisrael927.cl\/wordpress\/index.php\/sin-titulo\/#breadcrumb\"},\"inLanguage\":\"es\",\"potentialAction\":[{\"@type\":\"ReadAction\",\"target\":[\"https:\/\/www.escuelaisrael927.cl\/wordpress\/index.php\/sin-titulo\/\"]}]},{\"@type\":\"BreadcrumbList\",\"@id\":\"https:\/\/www.escuelaisrael927.cl\/wordpress\/index.php\/sin-titulo\/#breadcrumb\",\"itemListElement\":[{\"@type\":\"ListItem\",\"position\":1,\"name\":\"Portada\",\"item\":\"https:\/\/www.escuelaisrael927.cl\/wordpress\/\"},{\"@type\":\"ListItem\",\"position\":2,\"name\":\"Himno de Israel HaTikvah\"}]},{\"@type\":\"WebSite\",\"@id\":\"https:\/\/www.escuelaisrael927.cl\/wordpress\/#website\",\"url\":\"https:\/\/www.escuelaisrael927.cl\/wordpress\/\",\"name\":\"ESCUELA REPUBLICA DE ISRAEL E-927\",\"description\":\"200 a\u00f1os Los \u00c1ngeles  \",\"publisher\":{\"@id\":\"https:\/\/www.escuelaisrael927.cl\/wordpress\/#organization\"},\"potentialAction\":[{\"@type\":\"SearchAction\",\"target\":{\"@type\":\"EntryPoint\",\"urlTemplate\":\"https:\/\/www.escuelaisrael927.cl\/wordpress\/?s={search_term_string}\"},\"query-input\":\"required name=search_term_string\"}],\"inLanguage\":\"es\"},{\"@type\":\"Organization\",\"@id\":\"https:\/\/www.escuelaisrael927.cl\/wordpress\/#organization\",\"name\":\"Escuela Republica de Israel\",\"url\":\"https:\/\/www.escuelaisrael927.cl\/wordpress\/\",\"logo\":{\"@type\":\"ImageObject\",\"inLanguage\":\"es\",\"@id\":\"https:\/\/www.escuelaisrael927.cl\/wordpress\/#\/schema\/logo\/image\/\",\"url\":\"https:\/\/www.escuelaisrael927.cl\/wordpress\/wp-content\/uploads\/2021\/04\/logo11.png\",\"contentUrl\":\"https:\/\/www.escuelaisrael927.cl\/wordpress\/wp-content\/uploads\/2021\/04\/logo11.png\",\"width\":512,\"height\":518,\"caption\":\"Escuela Republica de Israel\"},\"image\":{\"@id\":\"https:\/\/www.escuelaisrael927.cl\/wordpress\/#\/schema\/logo\/image\/\"},\"sameAs\":[\"https:\/\/www.facebook.com\/Escuela-Rep\u00fablica-de-Israel-Los-\u00c1ngeles-1828716017412048\"]}]}<\/script>\n<!-- \/ Yoast SEO plugin. -->","yoast_head_json":{"title":"Himno de Israel HaTikvah - ESCUELA REP\u00daBLICA DE ISRAEL E-927","robots":{"index":"index","follow":"follow","max-snippet":"max-snippet:-1","max-image-preview":"max-image-preview:large","max-video-preview":"max-video-preview:-1"},"canonical":"https:\/\/www.escuelaisrael927.cl\/wordpress\/index.php\/sin-titulo\/","og_locale":"es_ES","og_type":"article","og_title":"Himno de Israel HaTikvah - ESCUELA REP\u00daBLICA DE ISRAEL E-927","og_description":"Kol od balevav pnima, Nefesh Iehudi omia. Ulfaatei mizraj kadima Ain letzion tzofia Od lo avda tikvatenu Hatikva bat shnot alpaim Lihiot am jofshi beartzeinu Eretz Tzion virushalaim Historia del Himno de Israel El Himno Nacional de Israel fue escrito en un pueblo de Rumania el 22 &nbsp;de diciembre de 1878, poema escrito por&nbsp;Naftal\u00ed Herz [&hellip;]","og_url":"https:\/\/www.escuelaisrael927.cl\/wordpress\/index.php\/sin-titulo\/","og_site_name":"ESCUELA REP\u00daBLICA DE ISRAEL E-927","article_publisher":"https:\/\/www.facebook.com\/Escuela-Rep%c3%bablica-de-Israel-Los-%c3%81ngeles-1828716017412048","article_modified_time":"2021-04-22T01:04:34+00:00","twitter_card":"summary_large_image","twitter_misc":{"Tiempo de lectura":"3 minutos"},"schema":{"@context":"https:\/\/schema.org","@graph":[{"@type":"WebPage","@id":"https:\/\/www.escuelaisrael927.cl\/wordpress\/index.php\/sin-titulo\/","url":"https:\/\/www.escuelaisrael927.cl\/wordpress\/index.php\/sin-titulo\/","name":"Himno de Israel HaTikvah - ESCUELA REP\u00daBLICA DE ISRAEL E-927","isPartOf":{"@id":"https:\/\/www.escuelaisrael927.cl\/wordpress\/#website"},"datePublished":"2021-04-21T22:22:23+00:00","dateModified":"2021-04-22T01:04:34+00:00","breadcrumb":{"@id":"https:\/\/www.escuelaisrael927.cl\/wordpress\/index.php\/sin-titulo\/#breadcrumb"},"inLanguage":"es","potentialAction":[{"@type":"ReadAction","target":["https:\/\/www.escuelaisrael927.cl\/wordpress\/index.php\/sin-titulo\/"]}]},{"@type":"BreadcrumbList","@id":"https:\/\/www.escuelaisrael927.cl\/wordpress\/index.php\/sin-titulo\/#breadcrumb","itemListElement":[{"@type":"ListItem","position":1,"name":"Portada","item":"https:\/\/www.escuelaisrael927.cl\/wordpress\/"},{"@type":"ListItem","position":2,"name":"Himno de Israel HaTikvah"}]},{"@type":"WebSite","@id":"https:\/\/www.escuelaisrael927.cl\/wordpress\/#website","url":"https:\/\/www.escuelaisrael927.cl\/wordpress\/","name":"ESCUELA REPUBLICA DE ISRAEL E-927","description":"200 a\u00f1os Los \u00c1ngeles  ","publisher":{"@id":"https:\/\/www.escuelaisrael927.cl\/wordpress\/#organization"},"potentialAction":[{"@type":"SearchAction","target":{"@type":"EntryPoint","urlTemplate":"https:\/\/www.escuelaisrael927.cl\/wordpress\/?s={search_term_string}"},"query-input":"required name=search_term_string"}],"inLanguage":"es"},{"@type":"Organization","@id":"https:\/\/www.escuelaisrael927.cl\/wordpress\/#organization","name":"Escuela Republica de Israel","url":"https:\/\/www.escuelaisrael927.cl\/wordpress\/","logo":{"@type":"ImageObject","inLanguage":"es","@id":"https:\/\/www.escuelaisrael927.cl\/wordpress\/#\/schema\/logo\/image\/","url":"https:\/\/www.escuelaisrael927.cl\/wordpress\/wp-content\/uploads\/2021\/04\/logo11.png","contentUrl":"https:\/\/www.escuelaisrael927.cl\/wordpress\/wp-content\/uploads\/2021\/04\/logo11.png","width":512,"height":518,"caption":"Escuela Republica de Israel"},"image":{"@id":"https:\/\/www.escuelaisrael927.cl\/wordpress\/#\/schema\/logo\/image\/"},"sameAs":["https:\/\/www.facebook.com\/Escuela-Rep\u00fablica-de-Israel-Los-\u00c1ngeles-1828716017412048"]}]}},"_links":{"self":[{"href":"https:\/\/www.escuelaisrael927.cl\/wordpress\/index.php\/wp-json\/wp\/v2\/pages\/168","targetHints":{"allow":["GET"]}}],"collection":[{"href":"https:\/\/www.escuelaisrael927.cl\/wordpress\/index.php\/wp-json\/wp\/v2\/pages"}],"about":[{"href":"https:\/\/www.escuelaisrael927.cl\/wordpress\/index.php\/wp-json\/wp\/v2\/types\/page"}],"author":[{"embeddable":true,"href":"https:\/\/www.escuelaisrael927.cl\/wordpress\/index.php\/wp-json\/wp\/v2\/users\/1"}],"replies":[{"embeddable":true,"href":"https:\/\/www.escuelaisrael927.cl\/wordpress\/index.php\/wp-json\/wp\/v2\/comments?post=168"}],"version-history":[{"count":2,"href":"https:\/\/www.escuelaisrael927.cl\/wordpress\/index.php\/wp-json\/wp\/v2\/pages\/168\/revisions"}],"predecessor-version":[{"id":204,"href":"https:\/\/www.escuelaisrael927.cl\/wordpress\/index.php\/wp-json\/wp\/v2\/pages\/168\/revisions\/204"}],"wp:attachment":[{"href":"https:\/\/www.escuelaisrael927.cl\/wordpress\/index.php\/wp-json\/wp\/v2\/media?parent=168"}],"curies":[{"name":"wp","href":"https:\/\/api.w.org\/{rel}","templated":true}]}}